{"id":54,"date":"2024-07-04T13:41:59","date_gmt":"2024-07-04T11:41:59","guid":{"rendered":"https:\/\/caracascom.com\/?page_id=54"},"modified":"2026-03-24T16:16:07","modified_gmt":"2026-03-24T15:16:07","slug":"agence","status":"publish","type":"page","link":"https:\/\/caracascom.com\/en\/agence\/","title":{"rendered":"Agency"},"content":{"rendered":"<p><\/p>\n<div>Lorem ipsum dolor sit amet, consectetur adipisicing elit. Facere hic ipsam neque sed? Adipisci aliquid amet<br \/>\nconsequuntur cum debitis distinctio dolor, doloremque hic nemo numquam provident quas quis ratione vel?<\/div>\n<div>Aliquid aperiam atque blanditiis, cum explicabo, hic iure iusto minima minus nihil officiis perspiciatis placeat<br \/>\nratione soluta veniam. Commodi dicta dolores dolorum explicabo necessitatibus odio odit officiis quo quod<br \/>\nrepellendus!<\/div>\n<div>Aliquam beatae cum eius repellat velit. Autem beatae consequatur labore laudantium magni molestiae placeat<br \/>\nreiciendis soluta veritatis. Architecto commodi deleniti dicta libero nam neque, quia reiciendis. Delectus eum<br \/>\ntenetur velit?<\/div>\n<p><\/p>","protected":false},"excerpt":{"rendered":"<p>Lorem ipsum dolor sit amet, consectetur adipisicing elit. Facere hic ipsam neque sed? Adipisci aliquid amet consequuntur cum debitis distinctio\u2026<\/p>\n","protected":false},"author":1,"featured_media":0,"parent":0,"menu_order":2,"comment_status":"closed","ping_status":"closed","template":"","meta":{"_acf_changed":false,"footnotes":""},"class_list":["post-54","page","type-page","status-publish","hentry"],"acf":[],"yoast_head":"<title>Agency - CARACAScom<\/title>\n<meta name=\"description\" content=\"Agence de relations presse et d\u2019influence sp\u00e9cialis\u00e9e en culture. Bas\u00e9e \u00e0 Bruxelles, au service des mus\u00e9es, festivals et institutions.\" \/>\n<meta name=\"robots\" content=\"index, follow, max-snippet:-1, max-image-preview:large, max-video-preview:-1\" \/>\n<link rel=\"canonical\" href=\"https:\/\/caracascom.com\/agence\/\" \/>\n<meta property=\"og:locale\" content=\"en_US\" \/>\n<meta property=\"og:type\" content=\"article\" \/>\n<meta property=\"og:title\" content=\"Agency - CARACAScom\" \/>\n<meta property=\"og:description\" content=\"Agence de relations presse et d\u2019influence sp\u00e9cialis\u00e9e en culture. Bas\u00e9e \u00e0 Bruxelles, au service des mus\u00e9es, festivals et institutions.\" \/>\n<meta property=\"og:url\" content=\"https:\/\/caracascom.com\/agence\/\" \/>\n<meta property=\"og:site_name\" content=\"CARACAScom\" \/>\n<meta property=\"article:modified_time\" content=\"2026-03-24T15:16:07+00:00\" \/>\n<meta property=\"og:image\" content=\"https:\/\/caracascom.com\/wp-content\/uploads\/2024\/08\/CracasPartage.png\" \/>\n\t<meta property=\"og:image:width\" content=\"1200\" \/>\n\t<meta property=\"og:image:height\" content=\"630\" \/>\n\t<meta property=\"og:image:type\" content=\"image\/png\" \/>\n<meta name=\"twitter:card\" content=\"summary_large_image\" \/>\n<meta name=\"twitter:label1\" content=\"Est. reading time\" \/>\n\t<meta name=\"twitter:data1\" content=\"5 minutes\" \/>\n<script type=\"application\/ld+json\" class=\"yoast-schema-graph\">{\"@context\":\"https:\\\/\\\/schema.org\",\"@graph\":[{\"@type\":\"WebPage\",\"@id\":\"https:\\\/\\\/caracascom.com\\\/agence\\\/\",\"url\":\"https:\\\/\\\/caracascom.com\\\/agence\\\/\",\"name\":\"[:fr]L'agence[:en]Agency[:nl]Het agentschap[:] - CARACAScom\",\"isPartOf\":{\"@id\":\"https:\\\/\\\/caracascom.com\\\/#website\"},\"datePublished\":\"2024-07-04T11:41:59+00:00\",\"dateModified\":\"2026-03-24T15:16:07+00:00\",\"description\":\"Agence de relations presse et d\u2019influence sp\u00e9cialis\u00e9e en culture. Bas\u00e9e \u00e0 Bruxelles, au service des mus\u00e9es, festivals et institutions.\",\"breadcrumb\":{\"@id\":\"https:\\\/\\\/caracascom.com\\\/agence\\\/#breadcrumb\"},\"inLanguage\":\"en-US\",\"potentialAction\":[{\"@type\":\"ReadAction\",\"target\":[\"https:\\\/\\\/caracascom.com\\\/agence\\\/\"]}]},{\"@type\":\"BreadcrumbList\",\"@id\":\"https:\\\/\\\/caracascom.com\\\/agence\\\/#breadcrumb\",\"itemListElement\":[{\"@type\":\"ListItem\",\"position\":1,\"name\":\"Accueil\",\"item\":\"https:\\\/\\\/caracascom.com\\\/\"},{\"@type\":\"ListItem\",\"position\":2,\"name\":\"L&rsquo;agence\"}]},{\"@type\":\"WebSite\",\"@id\":\"https:\\\/\\\/caracascom.com\\\/#website\",\"url\":\"https:\\\/\\\/caracascom.com\\\/\",\"name\":\"CARACAScom\",\"description\":\"The Art of Communication\",\"publisher\":{\"@id\":\"https:\\\/\\\/caracascom.com\\\/#organization\"},\"potentialAction\":[{\"@type\":\"SearchAction\",\"target\":{\"@type\":\"EntryPoint\",\"urlTemplate\":\"https:\\\/\\\/caracascom.com\\\/?s={search_term_string}\"},\"query-input\":{\"@type\":\"PropertyValueSpecification\",\"valueRequired\":true,\"valueName\":\"search_term_string\"}}],\"inLanguage\":\"en-US\"},{\"@type\":\"Organization\",\"@id\":\"https:\\\/\\\/caracascom.com\\\/#organization\",\"name\":\"CARACAScom\",\"url\":\"https:\\\/\\\/caracascom.com\\\/\",\"logo\":{\"@type\":\"ImageObject\",\"inLanguage\":\"en-US\",\"@id\":\"https:\\\/\\\/caracascom.com\\\/#\\\/schema\\\/logo\\\/image\\\/\",\"url\":\"https:\\\/\\\/caracascom.com\\\/wp-content\\\/uploads\\\/2024\\\/08\\\/cropped-Favicon_CaracasCom.jpg\",\"contentUrl\":\"https:\\\/\\\/caracascom.com\\\/wp-content\\\/uploads\\\/2024\\\/08\\\/cropped-Favicon_CaracasCom.jpg\",\"width\":512,\"height\":512,\"caption\":\"CARACAScom\"},\"image\":{\"@id\":\"https:\\\/\\\/caracascom.com\\\/#\\\/schema\\\/logo\\\/image\\\/\"}}]}<\/script>","yoast_head_json":{"title":"[:fr]L'agence[:en]Agency[:nl]Het agentschap[:] - CARACAScom","description":"Agence de relations presse et d\u2019influence sp\u00e9cialis\u00e9e en culture. Bas\u00e9e \u00e0 Bruxelles, au service des mus\u00e9es, festivals et institutions.","robots":{"index":"index","follow":"follow","max-snippet":"max-snippet:-1","max-image-preview":"max-image-preview:large","max-video-preview":"max-video-preview:-1"},"canonical":"https:\/\/caracascom.com\/agence\/","og_locale":"en_US","og_type":"article","og_title":"Agency - CARACAScom","og_description":"Agence de relations presse et d\u2019influence sp\u00e9cialis\u00e9e en culture. Bas\u00e9e \u00e0 Bruxelles, au service des mus\u00e9es, festivals et institutions.","og_url":"https:\/\/caracascom.com\/agence\/","og_site_name":"CARACAScom","article_modified_time":"2026-03-24T15:16:07+00:00","og_image":[{"width":1200,"height":630,"url":"https:\/\/caracascom.com\/wp-content\/uploads\/2024\/08\/CracasPartage.png","type":"image\/png"}],"twitter_card":"summary_large_image","twitter_misc":{"Est. reading time":"5 minutes"},"schema":{"@context":"https:\/\/schema.org","@graph":[{"@type":"WebPage","@id":"https:\/\/caracascom.com\/agence\/","url":"https:\/\/caracascom.com\/agence\/","name":"[:fr]L'agence[:en]Agency[:nl]Het agentschap[:] - CARACAScom","isPartOf":{"@id":"https:\/\/caracascom.com\/#website"},"datePublished":"2024-07-04T11:41:59+00:00","dateModified":"2026-03-24T15:16:07+00:00","description":"Agence de relations presse et d\u2019influence sp\u00e9cialis\u00e9e en culture. Bas\u00e9e \u00e0 Bruxelles, au service des mus\u00e9es, festivals et institutions.","breadcrumb":{"@id":"https:\/\/caracascom.com\/agence\/#breadcrumb"},"inLanguage":"en-US","potentialAction":[{"@type":"ReadAction","target":["https:\/\/caracascom.com\/agence\/"]}]},{"@type":"BreadcrumbList","@id":"https:\/\/caracascom.com\/agence\/#breadcrumb","itemListElement":[{"@type":"ListItem","position":1,"name":"Accueil","item":"https:\/\/caracascom.com\/"},{"@type":"ListItem","position":2,"name":"L&rsquo;agence"}]},{"@type":"WebSite","@id":"https:\/\/caracascom.com\/#website","url":"https:\/\/caracascom.com\/","name":"CARACAScom","description":"The Art of Communication","publisher":{"@id":"https:\/\/caracascom.com\/#organization"},"potentialAction":[{"@type":"SearchAction","target":{"@type":"EntryPoint","urlTemplate":"https:\/\/caracascom.com\/?s={search_term_string}"},"query-input":{"@type":"PropertyValueSpecification","valueRequired":true,"valueName":"search_term_string"}}],"inLanguage":"en-US"},{"@type":"Organization","@id":"https:\/\/caracascom.com\/#organization","name":"CARACAScom","url":"https:\/\/caracascom.com\/","logo":{"@type":"ImageObject","inLanguage":"en-US","@id":"https:\/\/caracascom.com\/#\/schema\/logo\/image\/","url":"https:\/\/caracascom.com\/wp-content\/uploads\/2024\/08\/cropped-Favicon_CaracasCom.jpg","contentUrl":"https:\/\/caracascom.com\/wp-content\/uploads\/2024\/08\/cropped-Favicon_CaracasCom.jpg","width":512,"height":512,"caption":"CARACAScom"},"image":{"@id":"https:\/\/caracascom.com\/#\/schema\/logo\/image\/"}}]}},"_links":{"self":[{"href":"https:\/\/caracascom.com\/en\/wp-json\/wp\/v2\/pages\/54","targetHints":{"allow":["GET"]}}],"collection":[{"href":"https:\/\/caracascom.com\/en\/wp-json\/wp\/v2\/pages"}],"about":[{"href":"https:\/\/caracascom.com\/en\/wp-json\/wp\/v2\/types\/page"}],"author":[{"embeddable":true,"href":"https:\/\/caracascom.com\/en\/wp-json\/wp\/v2\/users\/1"}],"replies":[{"embeddable":true,"href":"https:\/\/caracascom.com\/en\/wp-json\/wp\/v2\/comments?post=54"}],"version-history":[{"count":46,"href":"https:\/\/caracascom.com\/en\/wp-json\/wp\/v2\/pages\/54\/revisions"}],"predecessor-version":[{"id":3754,"href":"https:\/\/caracascom.com\/en\/wp-json\/wp\/v2\/pages\/54\/revisions\/3754"}],"wp:attachment":[{"href":"https:\/\/caracascom.com\/en\/wp-json\/wp\/v2\/media?parent=54"}],"curies":[{"name":"wp","href":"https:\/\/api.w.org\/{rel}","templated":true}]}}